{"id":179,"date":"2025-03-26T11:20:48","date_gmt":"2025-03-26T10:20:48","guid":{"rendered":"https:\/\/epsilonphysio.com\/?page_id=179"},"modified":"2025-05-19T11:28:21","modified_gmt":"2025-05-19T09:28:21","slug":"aviso-legal","status":"publish","type":"page","link":"https:\/\/epsilonphysio.com\/es\/aviso-legal\/","title":{"rendered":"Aviso Legal"},"content":{"rendered":"\n<h2 class=\"wp-block-heading\">Informaci\u00f3n general<\/h2>\n\n\n\n<p>La Fundaci\u00f3 MGC, Fundaci\u00f3n Privada (en adelante, FUNDACI\u00d3 MGC) es una entidad sin \u00e1nimo de lucro que tiene como objeto, entre otras finalidades de inter\u00e9s general, fomentar la previsi\u00f3n social y la salud en todas sus vertientes, y promover actuaciones solidarias y culturales vinculadas con la salud. La FUNDACI\u00d3 MGC desarrolla su actividad asistencial en el Centro M\u00e9dico de la calle Tuset, n\u00ba 5-11 planta 1\u00aa de Barcelona, el cual est\u00e1 debidamente autorizado por la Direcci\u00f3 General de Recursos Sanitaris del Departament de Salut de la Generalitat de Catalunya e inscrito con el c\u00f3digo E08036173 en el Registre de Centres, Serveis i Establiments Sanitaris de dicho departamento. Asimismo, la FUNDACI\u00d3 MGC est\u00e1 domiciliada en la calle Tuset, n\u00ba 5-11, de Barcelona, y est\u00e1 debidamente inscrita en el Registre de Fundacions de la Generalitat de Catalunya con el n\u00ba 990, y NIF G-61120747 (datos de contacto: 93 209 31 82 \u2013 fundacio@mgc.es).<\/p>\n\n\n\n<h2 class=\"wp-block-heading\">Condiciones de uso<\/h2>\n\n\n\n<p>A trav\u00e9s de este sitio web, FUNDACI\u00d3 MGC pone al alcance de los usuarios toda la informaci\u00f3n sobre las actividades que realiza, en aras a fomentar la previsi\u00f3n social y la salud en todas sus vertientes, as\u00ed como otras finalidades solidarias y de inter\u00e9s social. A estos efectos, FUNDACI\u00d3 MGC se reserva el derecho a efectuar, en cualquier momento y sin previo aviso, las modificaciones que estime oportunas en la informaci\u00f3n que contiene, as\u00ed como en la configuraci\u00f3n o presentaci\u00f3n de la misma.<\/p>\n\n\n\n<p>El dise\u00f1o de la web y sus c\u00f3digos fuente, as\u00ed como los logos, marcas y cualquier signo distintivo que aparezca, pertenecen a FUNDACI\u00d3 MGC y est\u00e1n protegidos por los correspondientes derechos de propiedad intelectual e industrial.<\/p>\n\n\n\n<p>Asimismo, los contenidos de la web son propiedad exclusiva de FUNDACI\u00d3 MGC y no pueden ser reproducidos o distribuidos, ni total ni parcialmente, sin su consentimiento, comprometi\u00e9ndose el usuario a hacer un uso correcto de los mismos, de acuerdo con la normativa vigente, la buena fe y el orden p\u00fablico.<\/p>\n\n\n\n<p>A su vez, el usuario se compromete a no usar la web con fines fraudulentos, as\u00ed como a no realizar actos con el objetivo de impedir, de cualquier forma, la normal utilizaci\u00f3n y funcionamiento de la misma.<\/p>\n\n\n\n<p>Los enlaces a trav\u00e9s de links que aparezcan en la web, ofrecen al usuario la posibilidad de conocer otras fuentes de informaci\u00f3n ajenas a FUNDACI\u00d3 MGC, sobre las que \u00e9sta no ostenta ning\u00fan tipo de responsabilidad.<\/p>\n\n\n\n<p>Igualmente, el usuario acepta que FUNDACI\u00d3 MGC no ser\u00e1 responsable de ninguna consecuencia, da\u00f1o o perjuicio que se derive del acceso a la web o del uso de la informaci\u00f3n que contiene, incluidos los accesos a otras materias a trav\u00e9s de las conexiones con este website.<\/p>\n\n\n\n<p>FUNDACI\u00d3 MGC declina cualquier posible responsabilidad derivada de interferencias, interrupciones, virus inform\u00e1ticos, aver\u00edas telef\u00f3nicas o desconexiones en el funcionamiento operativo del sistema electr\u00f3nico, motivados por causas ajenas a FUNDACI\u00d3 MGC.<\/p>\n","protected":false},"excerpt":{"rendered":"<p>Informaci\u00f3n general La Fundaci\u00f3 MGC, Fundaci\u00f3n Privada (en adelante, FUNDACI\u00d3 MGC) es una entidad sin \u00e1nimo de lucro que tiene [&hellip;]<\/p>\n","protected":false},"author":1,"featured_media":0,"parent":0,"menu_order":0,"comment_status":"closed","ping_status":"closed","template":"","meta":{"_uag_custom_page_level_css":"","site-sidebar-layout":"default","site-content-layout":"","ast-site-content-layout":"default","site-content-style":"default","site-sidebar-style":"default","ast-global-header-display":"","ast-banner-title-visibility":"","ast-main-header-display":"","ast-hfb-above-header-display":"","ast-hfb-below-header-display":"","ast-hfb-mobile-header-display":"","site-post-title":"","ast-breadcrumbs-content":"","ast-featured-img":"","footer-sml-layout":"","ast-disable-related-posts":"","theme-transparent-header-meta":"","adv-header-id-meta":"","stick-header-meta":"","header-above-stick-meta":"","header-main-stick-meta":"","header-below-stick-meta":"","astra-migrate-meta-layouts":"default","ast-page-background-enabled":"default","ast-page-background-meta":{"desktop":{"background-color":"var(--ast-global-color-5)","background-image":"","background-repeat":"repeat","background-position":"center center","background-size":"auto","background-attachment":"scroll","background-type":"","background-media":"","overlay-type":"","overlay-color":"","overlay-opacity":"","overlay-gradient":""},"tablet":{"background-color":"","background-image":"","background-repeat":"repeat","background-position":"center center","background-size":"auto","background-attachment":"scroll","background-type":"","background-media":"","overlay-type":"","overlay-color":"","overlay-opacity":"","overlay-gradient":""},"mobile":{"background-color":"","background-image":"","background-repeat":"repeat","background-position":"center center","background-size":"auto","background-attachment":"scroll","background-type":"","background-media":"","overlay-type":"","overlay-color":"","overlay-opacity":"","overlay-gradient":""}},"ast-content-background-meta":{"desktop":{"background-color":"var(--ast-global-color-4)","background-image":"","background-repeat":"repeat","background-position":"center center","background-size":"auto","background-attachment":"scroll","background-type":"","background-media":"","overlay-type":"","overlay-color":"","overlay-opacity":"","overlay-gradient":""},"tablet":{"background-color":"var(--ast-global-color-4)","background-image":"","background-repeat":"repeat","background-position":"center center","background-size":"auto","background-attachment":"scroll","background-type":"","background-media":"","overlay-type":"","overlay-color":"","overlay-opacity":"","overlay-gradient":""},"mobile":{"background-color":"var(--ast-global-color-4)","background-image":"","background-repeat":"repeat","background-position":"center center","background-size":"auto","background-attachment":"scroll","background-type":"","background-media":"","overlay-type":"","overlay-color":"","overlay-opacity":"","overlay-gradient":""}},"footnotes":""},"class_list":["post-179","page","type-page","status-publish","hentry"],"uagb_featured_image_src":{"full":false,"thumbnail":false,"medium":false,"medium_large":false,"large":false,"1536x1536":false,"2048x2048":false},"uagb_author_info":{"display_name":"eblanco","author_link":"https:\/\/epsilonphysio.com\/es\/author\/eblanco\/"},"uagb_comment_info":0,"uagb_excerpt":"Informaci\u00f3n general La Fundaci\u00f3 MGC, Fundaci\u00f3n Privada (en adelante, FUNDACI\u00d3 MGC) es una entidad sin \u00e1nimo de lucro que tiene [&hellip;]","_links":{"self":[{"href":"https:\/\/epsilonphysio.com\/es\/wp-json\/wp\/v2\/pages\/179","targetHints":{"allow":["GET"]}}],"collection":[{"href":"https:\/\/epsilonphysio.com\/es\/wp-json\/wp\/v2\/pages"}],"about":[{"href":"https:\/\/epsilonphysio.com\/es\/wp-json\/wp\/v2\/types\/page"}],"author":[{"embeddable":true,"href":"https:\/\/epsilonphysio.com\/es\/wp-json\/wp\/v2\/users\/1"}],"replies":[{"embeddable":true,"href":"https:\/\/epsilonphysio.com\/es\/wp-json\/wp\/v2\/comments?post=179"}],"version-history":[{"count":3,"href":"https:\/\/epsilonphysio.com\/es\/wp-json\/wp\/v2\/pages\/179\/revisions"}],"predecessor-version":[{"id":563,"href":"https:\/\/epsilonphysio.com\/es\/wp-json\/wp\/v2\/pages\/179\/revisions\/563"}],"wp:attachment":[{"href":"https:\/\/epsilonphysio.com\/es\/wp-json\/wp\/v2\/media?parent=179"}],"curies":[{"name":"wp","href":"https:\/\/api.w.org\/{rel}","templated":true}]}}