{"id":188,"date":"2025-03-26T11:34:11","date_gmt":"2025-03-26T10:34:11","guid":{"rendered":"https:\/\/epsilonphysio.com\/?page_id=188"},"modified":"2025-05-19T11:33:14","modified_gmt":"2025-05-19T09:33:14","slug":"politica-de-proteccion-de-datos-personales","status":"publish","type":"page","link":"https:\/\/epsilonphysio.com\/es\/politica-de-proteccion-de-datos-personales\/","title":{"rendered":"Pol\u00edtica de Protecci\u00f3n de Datos Personales"},"content":{"rendered":"\n<p>La Pol\u00edtica de Protecci\u00f3n de Datos de Fundaci\u00f3 MGC, Fundaci\u00f3n Privada (en adelante, FUNDACI\u00d3 MGC) prev\u00e9, en relaci\u00f3n con los datos personales de las personas con las que mantiene una vinculaci\u00f3n, el tratamiento que realiza de dichos datos, la legitimidad de su obtenci\u00f3n, la conservaci\u00f3n de los mismos, la posibilidad de comunicarlos y los derechos que asisten a los interesados, de acuerdo con la normativa vigente en la materia.<\/p>\n\n\n\n<p>A estos efectos, le informamos de los aspectos siguientes:<\/p>\n\n\n\n<h2 class=\"wp-block-heading\">\u00bfQui\u00e9n es el Responsable del tratamiento de sus datos?<\/h2>\n\n\n\n<ul class=\"wp-block-list\">\n<li>Identidad: Fundaci\u00f3 MGC, Fundaci\u00f3n Privada (FUNDACI\u00d3 MGC)<\/li>\n\n\n\n<li>NIF: G-61120747<\/li>\n\n\n\n<li>Direcci\u00f3n postal: C\/ Tuset, n\u00ba 5-11, 08006 Barcelona<\/li>\n\n\n\n<li>Tel\u00e9fono: 932093182<\/li>\n\n\n\n<li>Correo electr\u00f3nico: <a href=\"mailto:fundacio@mgc.es\">fundacio@mgc.es<\/a><\/li>\n<\/ul>\n\n\n\n<h2 class=\"wp-block-heading\">\u00bfCon qu\u00e9 finalidad tratamos sus datos personales?<\/h2>\n\n\n\n<p>La finalidad principal con la que tratamos sus datos personales, incluidos los de salud, reside en el cumplimiento de las obligaciones derivadas, entre otras, de la prestaci\u00f3n de los servicios m\u00e9dicos interesados, del desarrollo de los programas de medicina preventiva y del patrocinio de actuaciones solidarias y culturales.<\/p>\n\n\n\n<p>Tambi\u00e9n tratamos sus datos con finalidades accesorias, para informarle de productos y servicios que sean de su inter\u00e9s, ofertas o promociones especiales, y para la entrega de obsequios y la participaci\u00f3n en sorteos, relacionados con la actividad de FUNDACI\u00d3 MGC o de las entidades en las que \u00e9sta participe o est\u00e9 vinculada, incluyendo la elaboraci\u00f3n de perfiles para ofrecerle productos y servicios de acuerdo con sus intereses. Dicha informaci\u00f3n se podr\u00e1 proporcionar por cualquier canal habitual de comunicaci\u00f3n, incluida la v\u00eda electr\u00f3nica y telef\u00f3nica, a trav\u00e9s del cual le haremos llegar tambi\u00e9n revistas y boletines informativos sobre las actividades propias de la entidad.<\/p>\n\n\n\n<p>Por otro lado, trataremos sus datos cuando se tengan que elaborar, incluso finalizada la relaci\u00f3n contractual, estudios con finalidades de colaboraci\u00f3n estad\u00edstica o de prospecci\u00f3n t\u00e9cnica y comercial, encuestas y control de calidad, as\u00ed como para prevenir el fraude.<\/p>\n\n\n\n<p>Las instalaciones de la FUNDACI\u00d3 MGC cuentan con un sistema de videovigilancia a trav\u00e9s del cual se registran im\u00e1genes a tiempo real de los usuarios, con una finalidad exclusivamente de seguridad y control de acceso a las instalaciones.<\/p>\n\n\n\n<p>En \u00faltimo t\u00e9rmino, se utilizar\u00e1n, en caso de que fuese necesario, las conversaciones telef\u00f3nicas registradas, derivadas de la solicitud, gesti\u00f3n y prestaci\u00f3n del servicio m\u00e9dico interesado o de la participaci\u00f3n en programas de medicina preventiva o del patrocinio de actuaciones solidarias y culturales, para controles de calidad o como medio de prueba en reclamaciones y\/o en procedimientos judiciales o arbitrales, preservando la debida confidencialidad sobre las mismas.<\/p>\n\n\n\n<h2 class=\"wp-block-heading\">\u00bfPor cu\u00e1nto tiempo conservaremos sus datos?<\/h2>\n\n\n\n<p>Sus datos se conservar\u00e1n mientras subsista la prestaci\u00f3n del servicio m\u00e9dico interesado, la participaci\u00f3n en programas de medicina preventiva o el patrocinio de actuaciones solidarias y culturales, y en atenci\u00f3n a las posibles responsabilidades derivadas de dichas relaciones, de acuerdo con los plazos de prescripci\u00f3n legalmente establecidos.<\/p>\n\n\n\n<p>Asimismo, los conservaremos hasta que sean necesarios para las finalidades del tratamiento para el que otorg\u00f3 su consentimiento.<\/p>\n\n\n\n<p>En cualquier caso, sus datos se conservar\u00e1n durante los plazos legales de conservaci\u00f3n, especialmente, en el caso de los servicios asistenciales prestados, en cuanto a la documentaci\u00f3n cl\u00ednica correspondiente.<\/p>\n\n\n\n<h2 class=\"wp-block-heading\">\u00bfCu\u00e1l es la legitimaci\u00f3n para el tratamiento de sus datos?<\/h2>\n\n\n\n<p>La base legal para el tratamiento de sus datos es la prestaci\u00f3n del servicio m\u00e9dico interesado, el desarrollo de los programas de medicina preventiva y el patrocinio de actuaciones solidarias y culturales, para los cuales el interesado ha manifestado su consentimiento, as\u00ed como el cumplimiento de las obligaciones legales que correspondan. En el caso de menores de edad, el consentimiento se entender\u00e1 otorgado por el titular de la patria potestad o tutela legal sobre el mismo.<\/p>\n\n\n\n<p>Asimismo, en el caso de las finalidades accesorias, la legitimaci\u00f3n para tratar sus datos la constituye el consentimiento otorgado, de acuerdo con las finalidades descritas.<br>En \u00faltimo t\u00e9rmino y, en resumen, la legitimaci\u00f3n para el tratamiento de sus datos radica en el inter\u00e9s leg\u00edtimo de FUNDACI\u00d3 MGC para llevar a cabo el servicio m\u00e9dico, ofrecerle nuevos productos y servicios adaptados a sus intereses o hacer estudios y c\u00e1lculos estad\u00edsticos, de prospecci\u00f3n t\u00e9cnica y comercial, y de control de calidad.<\/p>\n\n\n\n<p>No se podr\u00e1n hacer efectivas las prestaciones, los programas y los patrocinios interesados en caso de oposici\u00f3n al tratamiento de los datos.<\/p>\n\n\n\n<h2 class=\"wp-block-heading\">\u00bfA qu\u00e9 destinatarios se comunicar\u00e1n sus datos?<\/h2>\n\n\n\n<p>FUNDACI\u00d3 MGC comunicar\u00e1 sus datos, en el ejercicio de sus funciones propias, a entidades en las que participe o est\u00e9 vinculada, a otras personas, entidades e instituciones que colaboren con FUNDACI\u00d3 MGC para la prestaci\u00f3n de servicios, y, en su caso, con las entidades financieras para el financiamiento interesado.<\/p>\n\n\n\n<p>Asimismo, sus datos, incluidos los de salud, se podr\u00e1n comunicar a los m\u00e9dicos y profesionales de la salud, hospitales y centros sanitarios, para prestar la asistencia interesada, as\u00ed como para solicitar o verificar de dichos prestadores de servicios sanitarios las causas y antecedentes m\u00e9dicos relacionados con las mencionadas asistencias, y, en \u00faltimo lugar, a las entidades aseguradoras con las que el paciente tenga subscrito un contrato de seguro, a los efectos del pago de las prestaciones garantizadas.<\/p>\n\n\n\n<p>FUNDACI\u00d3 MGC no realizar\u00e1, en ning\u00fan caso, transferencias internacionales de sus datos, ni los comunicar\u00e1 a terceros, salvo obligaci\u00f3n legal o con su previo consentimiento.<\/p>\n\n\n\n<h2 class=\"wp-block-heading\">\u00bfQu\u00e9 compromiso asumimos respecto al tratamiento de sus datos?<\/h2>\n\n\n\n<p>FUNDACI\u00d3 MGC adopta las medidas necesarias en el tratamiento de sus datos para evitar la alteraci\u00f3n, la p\u00e9rdida o el tratamiento o acceso no autorizado de los mismos, los cuales ser\u00e1n tratados respetando la legislaci\u00f3n vigente y observando todas las medidas de seguridad que garanticen la confidencialidad de los mismos. Los datos que tratamos ser\u00e1n los adecuados, pertinentes y no excesivos para las finalidades descritas.<\/p>\n\n\n\n<h2 class=\"wp-block-heading\">\u00bfCu\u00e1les son sus derechos cuando nos facilita sus datos?<\/h2>\n\n\n\n<p>Los derechos que le asisten, de acuerdo con la normativa aplicable, son, por un lado, el derecho a confirmar si FUNDACI\u00d3 MGC dispone de sus datos, a acceder a los mismos y a solicitar la rectificaci\u00f3n si son incorrectos o, en su caso, a solicitar que sean suprimidos si considera que los mismos ya no son necesarios para las finalidades que fueron recogidos.<\/p>\n\n\n\n<p>Asimismo, tiene derecho a solicitar la limitaci\u00f3n del tratamiento de sus datos, en determinadas circunstancias, la posibilidad de oponerse a dicho tratamiento, o la portabilidad de los datos facilitados a la entidad.<\/p>\n\n\n\n<p>Por \u00faltimo, tiene derecho a retirar el consentimiento de una finalidad de tratamiento diferente de la prestaci\u00f3n del servicio m\u00e9dico, del desarrollo de programas de medicina preventiva y de los patrocinios, sin que ello condicione dicha prestaci\u00f3n.<\/p>\n\n\n\n<h2 class=\"wp-block-heading\">\u00bfC\u00f3mo puedo ejercer estos derechos ante FUNDACI\u00d3 MGC?<\/h2>\n\n\n\n<p>Le informamos que podr\u00e1 ejercer los anteriores derechos de acceso, rectificaci\u00f3n, supresi\u00f3n, limitaci\u00f3n, oposici\u00f3n y portabilidad dirigi\u00e9ndose a la sede de la entidad (C\/ Tuset, n\u00ba 5-11, 08006 Barcelona) o a trav\u00e9s del correo electr\u00f3nico <a href=\"mailto:dpd-fundacio@mgc.es\">dpd-fundacio@mgc.es<\/a>, acreditando su identidad mediante fotocopia del DNI o documento acreditativo equivalente.<\/p>\n\n\n\n<p>Para m\u00e1s informaci\u00f3n acuda a:<br><a href=\"https:\/\/www.aepd.es\/reglamento\/derechos\/index.html\">https:\/\/www.aepd.es\/reglamento\/derechos\/index.html<\/a><\/p>\n\n\n\n<p>Por \u00faltimo, en el caso que precise m\u00e1s informaci\u00f3n en relaci\u00f3n con el ejercicio de estos derechos o desee presentar una reclamaci\u00f3n, deber\u00e1 dirigirse ante la Agencia Espa\u00f1ola de Protecci\u00f3n de Datos (<a href=\"https:\/\/www.aepd.es\">www.aepd.es<\/a> \u2013 C\/ Jorge Juan, n\u00ba 6, 28001 Madrid).<\/p>\n","protected":false},"excerpt":{"rendered":"<p>La Pol\u00edtica de Protecci\u00f3n de Datos de Fundaci\u00f3 MGC, Fundaci\u00f3n Privada (en adelante, FUNDACI\u00d3 MGC) prev\u00e9, en relaci\u00f3n con los [&hellip;]<\/p>\n","protected":false},"author":1,"featured_media":0,"parent":0,"menu_order":0,"comment_status":"closed","ping_status":"closed","template":"","meta":{"_uag_custom_page_level_css":"","site-sidebar-layout":"default","site-content-layout":"","ast-site-content-layout":"default","site-content-style":"default","site-sidebar-style":"default","ast-global-header-display":"","ast-banner-title-visibility":"","ast-main-header-display":"","ast-hfb-above-header-display":"","ast-hfb-below-header-display":"","ast-hfb-mobile-header-display":"","site-post-title":"","ast-breadcrumbs-content":"","ast-featured-img":"","footer-sml-layout":"","ast-disable-related-posts":"","theme-transparent-header-meta":"","adv-header-id-meta":"","stick-header-meta":"","header-above-stick-meta":"","header-main-stick-meta":"","header-below-stick-meta":"","astra-migrate-meta-layouts":"default","ast-page-background-enabled":"default","ast-page-background-meta":{"desktop":{"background-color":"var(--ast-global-color-5)","background-image":"","background-repeat":"repeat","background-position":"center center","background-size":"auto","background-attachment":"scroll","background-type":"","background-media":"","overlay-type":"","overlay-color":"","overlay-opacity":"","overlay-gradient":""},"tablet":{"background-color":"","background-image":"","background-repeat":"repeat","background-position":"center center","background-size":"auto","background-attachment":"scroll","background-type":"","background-media":"","overlay-type":"","overlay-color":"","overlay-opacity":"","overlay-gradient":""},"mobile":{"background-color":"","background-image":"","background-repeat":"repeat","background-position":"center center","background-size":"auto","background-attachment":"scroll","background-type":"","background-media":"","overlay-type":"","overlay-color":"","overlay-opacity":"","overlay-gradient":""}},"ast-content-background-meta":{"desktop":{"background-color":"var(--ast-global-color-4)","background-image":"","background-repeat":"repeat","background-position":"center center","background-size":"auto","background-attachment":"scroll","background-type":"","background-media":"","overlay-type":"","overlay-color":"","overlay-opacity":"","overlay-gradient":""},"tablet":{"background-color":"var(--ast-global-color-4)","background-image":"","background-repeat":"repeat","background-position":"center center","background-size":"auto","background-attachment":"scroll","background-type":"","background-media":"","overlay-type":"","overlay-color":"","overlay-opacity":"","overlay-gradient":""},"mobile":{"background-color":"var(--ast-global-color-4)","background-image":"","background-repeat":"repeat","background-position":"center center","background-size":"auto","background-attachment":"scroll","background-type":"","background-media":"","overlay-type":"","overlay-color":"","overlay-opacity":"","overlay-gradient":""}},"footnotes":""},"class_list":["post-188","page","type-page","status-publish","hentry"],"uagb_featured_image_src":{"full":false,"thumbnail":false,"medium":false,"medium_large":false,"large":false,"1536x1536":false,"2048x2048":false},"uagb_author_info":{"display_name":"eblanco","author_link":"https:\/\/epsilonphysio.com\/es\/author\/eblanco\/"},"uagb_comment_info":0,"uagb_excerpt":"La Pol\u00edtica de Protecci\u00f3n de Datos de Fundaci\u00f3 MGC, Fundaci\u00f3n Privada (en adelante, FUNDACI\u00d3 MGC) prev\u00e9, en relaci\u00f3n con los [&hellip;]","_links":{"self":[{"href":"https:\/\/epsilonphysio.com\/es\/wp-json\/wp\/v2\/pages\/188","targetHints":{"allow":["GET"]}}],"collection":[{"href":"https:\/\/epsilonphysio.com\/es\/wp-json\/wp\/v2\/pages"}],"about":[{"href":"https:\/\/epsilonphysio.com\/es\/wp-json\/wp\/v2\/types\/page"}],"author":[{"embeddable":true,"href":"https:\/\/epsilonphysio.com\/es\/wp-json\/wp\/v2\/users\/1"}],"replies":[{"embeddable":true,"href":"https:\/\/epsilonphysio.com\/es\/wp-json\/wp\/v2\/comments?post=188"}],"version-history":[{"count":3,"href":"https:\/\/epsilonphysio.com\/es\/wp-json\/wp\/v2\/pages\/188\/revisions"}],"predecessor-version":[{"id":567,"href":"https:\/\/epsilonphysio.com\/es\/wp-json\/wp\/v2\/pages\/188\/revisions\/567"}],"wp:attachment":[{"href":"https:\/\/epsilonphysio.com\/es\/wp-json\/wp\/v2\/media?parent=188"}],"curies":[{"name":"wp","href":"https:\/\/api.w.org\/{rel}","templated":true}]}}