{"id":193,"date":"2025-03-26T11:45:08","date_gmt":"2025-03-26T10:45:08","guid":{"rendered":"https:\/\/epsilonphysio.com\/?page_id=193"},"modified":"2025-05-19T11:32:05","modified_gmt":"2025-05-19T09:32:05","slug":"politica-de-privacidad-y-cookies","status":"publish","type":"page","link":"https:\/\/epsilonphysio.com\/es\/politica-de-privacidad-y-cookies\/","title":{"rendered":"Pol\u00edtica de Privacidad y Cookies"},"content":{"rendered":"\n<h2 class=\"wp-block-heading\">Pol\u00edtica de Privacidad<\/h2>\n\n\n\n<p>La presente Pol\u00edtica de Privacidad es de aplicaci\u00f3n al sitio web del que es titular Fundaci\u00f3 MGC, Fundaci\u00f3n Privada (en adelante, FUNDACI\u00d3 MGC), as\u00ed como a cualquier tipo de interacci\u00f3n realizada por el usuario y FUNDACI\u00d3 MGC a trav\u00e9s del mismo, y a la utilizaci\u00f3n de sus contenidos.<\/p>\n\n\n\n<p>FUNDACI\u00d3 MGC es responsable de los datos personales prestados por los usuarios a trav\u00e9s de este sitio web, los cuales tratar\u00e1 de acuerdo con los t\u00e9rminos recogidos en la Pol\u00edtica de Protecci\u00f3n de Datos de la entidad.<\/p>\n\n\n\n<p>A estos efectos, el usuario asegura la exactitud y veracidad de los datos de car\u00e1cter personal que facilite durante la navegaci\u00f3n. En el caso de que facilite datos de terceros, \u00e9ste garantiza haber cumplido con su obligaci\u00f3n de informarle de dicha comunicaci\u00f3n y, cuando proceda para su tratamiento, solicitar el consentimiento del titular de los mismos, inform\u00e1ndole sobre las finalidades del tratamiento, comunicaci\u00f3n, y dem\u00e1s t\u00e9rminos indicados en nuestra Pol\u00edtica de Protecci\u00f3n de Datos. En el caso de que el usuario facilite datos de menores, en su condici\u00f3n de titular de la patria potestad o tutela legal sobre el mismo, autoriza expresamente el tratamiento de dichos datos, incluidos los de salud, con las finalidades previstas en la informaci\u00f3n de Protecci\u00f3n de Datos mencionada.<\/p>\n\n\n\n<p>En cada p\u00e1gina que contenga formularios que recojan datos personales, se informar\u00e1, de manera expresa y con car\u00e1cter previo a la aportaci\u00f3n de los mismos por parte del usuario, de la existencia de un tratamiento por parte de FUNDACI\u00d3 MGC, cuya finalidad es informarle de los productos y servicios que ofrece la entidad, as\u00ed como de la posibilidad de ejercitar los derechos contenidos en la informaci\u00f3n de Protecci\u00f3n de Datos Personales, dirigi\u00e9ndose a la sede de la entidad (C\/ Tuset, n\u00ba 5-11, 08006 Barcelona) o a trav\u00e9s del correo electr\u00f3nico <a href=\"mailto:fundacio@mgc.es\">fundacio@mgc.es<\/a>, acreditando su identidad mediante fotocopia del DNI o documento acreditativo equivalente. Tambi\u00e9n se podr\u00e1n comunicar los datos recogidos, en el ejercicio de sus funciones propias, a entidades con las que participe o est\u00e9 vinculada, y a otras personas, entidades e instituciones que colaboren con FUNDACI\u00d3 MGC para la prestaci\u00f3n de servicios.<\/p>\n\n\n\n<p>FUNDACI\u00d3 MGC garantiza la confidencialidad de los datos personales que se faciliten durante el uso de este sitio web, en los t\u00e9rminos recogidos en la mencionada Pol\u00edtica de Protecci\u00f3n de Datos Personales, siendo \u00e9stos los estrictamente necesarios, adecuados y pertinentes para la finalidad para la cual se recaban, respecto de los cuales adopta las medidas de seguridad necesarias para las finalidades previstas.<\/p>\n\n\n\n<p>El uso de este sitio web est\u00e1 sujeto a esta Pol\u00edtica de Privacidad, a la informaci\u00f3n sobre Protecci\u00f3n de Datos Personales y a las Condiciones de Uso detalladas en el Aviso Legal. El hecho de acceder a esta p\u00e1gina web y hacer uso de sus contenidos implica que ha le\u00eddo y ha aceptado dichas pol\u00edticas y condiciones.<\/p>\n\n\n\n<h2 class=\"wp-block-heading\">Pol\u00edtica de Cookies<\/h2>\n\n\n\n<p>FUNDACI\u00d3 MGC le informa sobre el uso de cookies y sobre la posibilidad de conocer y administrar las mismas. A estos efectos, a continuaci\u00f3n, le ofrecemos informaci\u00f3n sobre el uso responsable que FUNDACI\u00d3 MGC hace de ellas y sobre c\u00f3mo puede gestionarlas.<\/p>\n\n\n\n<h3 class=\"wp-block-heading\">\u00bfQu\u00e9 son las cookies?<\/h3>\n\n\n\n<p>Las cookies son peque\u00f1os archivos de datos, que se instalan y almacenan en los dispositivos de los usuarios cuando \u00e9stos acceden a una p\u00e1gina web, para llevar un registro de determinada informaci\u00f3n.<\/p>\n\n\n\n<p>Estos archivos tienen la capacidad de recopilar informaci\u00f3n, por un lado, sobre la navegaci\u00f3n del usuario, y, consecuentemente, ofrecerle una informaci\u00f3n que se ajuste a sus necesidades o intereses, y, por otro, para proteger el propio sitio web y adaptar la informaci\u00f3n que presenta.<\/p>\n\n\n\n<p>La utilizaci\u00f3n de estos archivos es una t\u00e9cnica estandarizada en todas las aplicaciones y sitios web para mejorar la prestaci\u00f3n del servicio web y ofrecer al usuario una mejor experiencia de navegaci\u00f3n.<\/p>\n\n\n\n<h3 class=\"wp-block-heading\">\u00bfQu\u00e9 tipos de cookies utilizamos y para qu\u00e9?<\/h3>\n\n\n\n<p>Las cookies que se usan por FUNDACI\u00d3 MGC se pueden clasificar en diferentes categor\u00edas, dependiendo de sus caracter\u00edsticas, pudiendo el usuario estar incluidas en una o varias de ellas:<\/p>\n\n\n\n<ul class=\"wp-block-list\">\n<li>Cookies propias o de terceros, seg\u00fan est\u00e9n habilitadas por el sitio web por el que navega o procedan de otros sitios web.<\/li>\n\n\n\n<li>Cookies de sesi\u00f3n o persistentes, dependiendo de si caducan al cerrar el navegador, permitiendo guardar algunas variables mientras el usuario navega por el sitio web, o si caducan cuando cumplen el objetivo para el que se crearon.<\/li>\n\n\n\n<li>Cookies t\u00e9cnicas, que resultan absolutamente necesarias para la navegaci\u00f3n y utilizaci\u00f3n de diferentes servicios del sitio web. En el caso de que \u00e9stas se desactiven, no es posible seguir con la navegaci\u00f3n.<\/li>\n\n\n\n<li>Cookies de personalizaci\u00f3n, que permiten acceder al sitio web con caracter\u00edsticas predefinidas, como la preferencia del idioma o la presentaci\u00f3n del contenido del sitio web.<\/li>\n\n\n\n<li>Cookies anal\u00edticas, que permiten el seguimiento y an\u00e1lisis del comportamiento de navegaci\u00f3n del usuario, con fines de recopilaci\u00f3n de informaci\u00f3n estad\u00edstica agregada sobre los mismos, y para la elaboraci\u00f3n de perfiles de navegaci\u00f3n. \u00c9stas pueden desactivarse por el usuario, pero la p\u00e1gina puede perder funcionalidad. Este tipo de cookies se pueden tratar tanto por la propia FUNDACI\u00d3 MGC, como por proveedores externos, tales como Google Analitycs.<\/li>\n\n\n\n<li>Cookies publicitarias, que permiten la gesti\u00f3n de espacios publicitarios, que muestran publicidad al usuario de forma personalizada, en funci\u00f3n de perfiles de usuario predeterminados. Tambi\u00e9n se utilizan para limitar la cantidad de veces que el usuario ve un anuncio publicitario y para medir la efectividad de las campa\u00f1as publicitarias.<\/li>\n<\/ul>\n\n\n\n<h3 class=\"wp-block-heading\">\u00bfQu\u00e9 uso hacemos de las cookies?<\/h3>\n\n\n\n<p>Al visitar o navegar por nuestro sitio web, recopilamos informaci\u00f3n de nivel est\u00e1ndar, as\u00ed como detalles de comportamiento de los usuarios, tales como el n\u00famero de usuarios que visitan nuestra p\u00e1gina web, el n\u00famero de enlaces a los links asociados, la frecuencia con la que se visitan los mismos y la actividad que se realiza en el sitio web, etc\u2026 Esta informaci\u00f3n es siempre an\u00f3nima y no es posible establecer ning\u00fan v\u00ednculo entre la informaci\u00f3n y el usuario a qui\u00e9n se refiere, a no ser que se trate de datos aportados voluntariamente por el usuario.<\/p>\n\n\n\n<p>Al utilizar nuestras p\u00e1ginas web usted presta su consentimiento expreso e inequ\u00edvoco para la generaci\u00f3n y utilizaci\u00f3n de cookies por parte de la entidad, para las finalidades indicadas en esta Pol\u00edtica de Cookies, todo ello sin perjuicio de las medidas de desactivaci\u00f3n y eliminaci\u00f3n de las cookies que puede adoptar usando las herramientas de su navegador.<\/p>\n\n\n\n<h3 class=\"wp-block-heading\">\u00bfC\u00f3mo puede administrar las cookies?<\/h3>\n\n\n\n<p>Puede administrar las cookies en la configuraci\u00f3n de su navegador, marcando la opci\u00f3n de consultar, borrar, limitar el uso o desactivar la utilizaci\u00f3n de cookies, as\u00ed como cambiar a otra configuraci\u00f3n cuando lo desee. En estos casos, es posible que determinadas funciones y caracter\u00edsticas de los servicios que ofrece el sitio web no funcionen correctamente.<\/p>\n\n\n\n<p>Cada navegador puede tener un tipo de configuraci\u00f3n diferente, por lo que debe consultar la configuraci\u00f3n correspondiente a su navegador.<\/p>\n\n\n\n<p>Desde nuestra Pol\u00edtica de Cookies le facilitamos el acceso a los v\u00ednculos a los que debe acudir si desea desactivar o eliminar cookies en los siguientes navegadores:<\/p>\n\n\n\n<ul class=\"wp-block-list\">\n<li>Microsoft Internet Explorer o Microsoft Edge: http:\/\/windows.microsoft.com\/es-es\/windows-vista\/Block-or-allow-cookies<\/li>\n\n\n\n<li>Mozilla Firefox: http:\/\/support.mozilla.org\/es\/kb\/impedir-que-los-sitios-web-guarden-sus-preferencia<\/li>\n\n\n\n<li>Chrome: https:\/\/support.google.com\/accounts\/answer\/61416?hl=es<\/li>\n\n\n\n<li>Safari: http:\/\/safari.helpmax.net\/es\/privacidad-y-seguridad\/como-gestionar-las-cookies\/<\/li>\n\n\n\n<li>Opera: http:\/\/help.opera.com\/Linux\/10.60\/es-ES\/cookies.html<\/li>\n<\/ul>\n","protected":false},"excerpt":{"rendered":"<p>Pol\u00edtica de Privacidad La presente Pol\u00edtica de Privacidad es de aplicaci\u00f3n al sitio web del que es titular Fundaci\u00f3 MGC, [&hellip;]<\/p>\n","protected":false},"author":1,"featured_media":0,"parent":0,"menu_order":0,"comment_status":"closed","ping_status":"closed","template":"","meta":{"_uag_custom_page_level_css":"","site-sidebar-layout":"default","site-content-layout":"","ast-site-content-layout":"default","site-content-style":"default","site-sidebar-style":"default","ast-global-header-display":"","ast-banner-title-visibility":"","ast-main-header-display":"","ast-hfb-above-header-display":"","ast-hfb-below-header-display":"","ast-hfb-mobile-header-display":"","site-post-title":"","ast-breadcrumbs-content":"","ast-featured-img":"","footer-sml-layout":"","ast-disable-related-posts":"","theme-transparent-header-meta":"","adv-header-id-meta":"","stick-header-meta":"","header-above-stick-meta":"","header-main-stick-meta":"","header-below-stick-meta":"","astra-migrate-meta-layouts":"default","ast-page-background-enabled":"default","ast-page-background-meta":{"desktop":{"background-color":"var(--ast-global-color-5)","background-image":"","background-repeat":"repeat","background-position":"center center","background-size":"auto","background-attachment":"scroll","background-type":"","background-media":"","overlay-type":"","overlay-color":"","overlay-opacity":"","overlay-gradient":""},"tablet":{"background-color":"","background-image":"","background-repeat":"repeat","background-position":"center center","background-size":"auto","background-attachment":"scroll","background-type":"","background-media":"","overlay-type":"","overlay-color":"","overlay-opacity":"","overlay-gradient":""},"mobile":{"background-color":"","background-image":"","background-repeat":"repeat","background-position":"center center","background-size":"auto","background-attachment":"scroll","background-type":"","background-media":"","overlay-type":"","overlay-color":"","overlay-opacity":"","overlay-gradient":""}},"ast-content-background-meta":{"desktop":{"background-color":"var(--ast-global-color-4)","background-image":"","background-repeat":"repeat","background-position":"center center","background-size":"auto","background-attachment":"scroll","background-type":"","background-media":"","overlay-type":"","overlay-color":"","overlay-opacity":"","overlay-gradient":""},"tablet":{"background-color":"var(--ast-global-color-4)","background-image":"","background-repeat":"repeat","background-position":"center center","background-size":"auto","background-attachment":"scroll","background-type":"","background-media":"","overlay-type":"","overlay-color":"","overlay-opacity":"","overlay-gradient":""},"mobile":{"background-color":"var(--ast-global-color-4)","background-image":"","background-repeat":"repeat","background-position":"center center","background-size":"auto","background-attachment":"scroll","background-type":"","background-media":"","overlay-type":"","overlay-color":"","overlay-opacity":"","overlay-gradient":""}},"footnotes":""},"class_list":["post-193","page","type-page","status-publish","hentry"],"uagb_featured_image_src":{"full":false,"thumbnail":false,"medium":false,"medium_large":false,"large":false,"1536x1536":false,"2048x2048":false},"uagb_author_info":{"display_name":"eblanco","author_link":"https:\/\/epsilonphysio.com\/es\/author\/eblanco\/"},"uagb_comment_info":0,"uagb_excerpt":"Pol\u00edtica de Privacidad La presente Pol\u00edtica de Privacidad es de aplicaci\u00f3n al sitio web del que es titular Fundaci\u00f3 MGC, [&hellip;]","_links":{"self":[{"href":"https:\/\/epsilonphysio.com\/es\/wp-json\/wp\/v2\/pages\/193","targetHints":{"allow":["GET"]}}],"collection":[{"href":"https:\/\/epsilonphysio.com\/es\/wp-json\/wp\/v2\/pages"}],"about":[{"href":"https:\/\/epsilonphysio.com\/es\/wp-json\/wp\/v2\/types\/page"}],"author":[{"embeddable":true,"href":"https:\/\/epsilonphysio.com\/es\/wp-json\/wp\/v2\/users\/1"}],"replies":[{"embeddable":true,"href":"https:\/\/epsilonphysio.com\/es\/wp-json\/wp\/v2\/comments?post=193"}],"version-history":[{"count":3,"href":"https:\/\/epsilonphysio.com\/es\/wp-json\/wp\/v2\/pages\/193\/revisions"}],"predecessor-version":[{"id":566,"href":"https:\/\/epsilonphysio.com\/es\/wp-json\/wp\/v2\/pages\/193\/revisions\/566"}],"wp:attachment":[{"href":"https:\/\/epsilonphysio.com\/es\/wp-json\/wp\/v2\/media?parent=193"}],"curies":[{"name":"wp","href":"https:\/\/api.w.org\/{rel}","templated":true}]}}